{"id":961,"date":"2022-12-29T20:35:18","date_gmt":"2022-12-29T20:35:18","guid":{"rendered":"https:\/\/carolosada.ar\/?page_id=961"},"modified":"2023-01-01T22:19:57","modified_gmt":"2023-01-01T22:19:57","slug":"destacados-2022","status":"publish","type":"page","link":"https:\/\/carolosada.ar\/carolo\/destacados-2022\/","title":{"rendered":"Destacados 2022"},"content":{"rendered":"\t\t<div data-elementor-type=\"wp-page\" data-elementor-id=\"961\" class=\"elementor elementor-961\">\n\t\t\t\t\t\t\t\t\t<section class=\"elementor-section elementor-top-section elementor-element elementor-element-c675cd3 elementor-section-boxed elementor-section-height-default elementor-section-height-default\" data-id=\"c675cd3\" data-element_type=\"section\" data-settings=\"{&quot;background_background&quot;:&quot;gradient&quot;}\">\n\t\t\t\t\t\t\t<div class=\"elementor-background-overlay\"><\/div>\n\t\t\t\t\t\t\t<div class=\"elementor-container elementor-column-gap-extended\">\n\t\t\t\t\t<div class=\"elementor-column elementor-col-100 elementor-top-column elementor-element elementor-element-a70df98\" data-id=\"a70df98\" data-element_type=\"column\" data-settings=\"{&quot;background_background&quot;:&quot;gradient&quot;}\">\n\t\t\t<div class=\"elementor-widget-wrap elementor-element-populated\">\n\t\t\t\t\t\t\t\t<section class=\"elementor-section elementor-inner-section elementor-element elementor-element-6f14510 elementor-section-boxed elementor-section-height-default elementor-section-height-default\" data-id=\"6f14510\" data-element_type=\"section\" data-settings=\"{&quot;background_background&quot;:&quot;gradient&quot;}\">\n\t\t\t\t\t\t<div class=\"elementor-container elementor-column-gap-default\">\n\t\t\t\t\t<div class=\"elementor-column elementor-col-50 elementor-inner-column elementor-element elementor-element-de620ff\" data-id=\"de620ff\" data-element_type=\"column\">\n\t\t\t<div class=\"elementor-widget-wrap elementor-element-populated\">\n\t\t\t\t\t\t\t\t<div class=\"elementor-element elementor-element-0604efc elementor-widget elementor-widget-text-editor\" data-id=\"0604efc\" data-element_type=\"widget\" data-widget_type=\"text-editor.default\">\n\t\t\t\t<div class=\"elementor-widget-container\">\n\t\t\t<style>\/*! elementor - v3.9.2 - 21-12-2022 *\/\n.elementor-widget-text-editor.elementor-drop-cap-view-stacked .elementor-drop-cap{background-color:#818a91;color:#fff}.elementor-widget-text-editor.elementor-drop-cap-view-framed .elementor-drop-cap{color:#818a91;border:3px solid;background-color:transparent}.elementor-widget-text-editor:not(.elementor-drop-cap-view-default) .elementor-drop-cap{margin-top:8px}.elementor-widget-text-editor:not(.elementor-drop-cap-view-default) .elementor-drop-cap-letter{width:1em;height:1em}.elementor-widget-text-editor .elementor-drop-cap{float:left;text-align:center;line-height:1;font-size:50px}.elementor-widget-text-editor .elementor-drop-cap-letter{display:inline-block}<\/style>\t\t\t\t<h4><strong>SEGURIDAD<\/strong><\/h4><p><strong>&gt;Emergencia en seguridad en Santa Fe<\/strong><\/p><p><strong>Para combatir el delito complejo y el crimen organizado, coordinar el trabajo entre todos los estamentos del estado, env\u00edo de m\u00e1s fuerzas federales, instalar una unidad de la UIF para combatir el lavado de activos del narcotr\u00e1fico.<\/strong><strong>\u00a0<\/strong><\/p><p><strong>&gt;Fortalecimiento la Justicia Federal<\/strong><\/p><p><strong>Para obtener la informaci\u00f3n necesaria y generar acciones concretas, por ejemplo mayor coordinaci\u00f3n del consejo de seguridad interior y la provincia de santa fe. Para robustecer la estructura de la justicia federal en Argentina y fundamentalmente en Santa Fe.<\/strong><strong>\u00a0<\/strong><\/p><p><strong>&gt;Inhibidores de celulares<br \/><\/strong><strong>En las c\u00e1rceles de nuestra provincia.<\/strong><\/p><h4><strong>INFRAESTRUCTURA<\/strong><\/h4><p><strong>&gt;Ped\u00ed que se declare la emergencia en seguridad vialidad e infraestructura en Santa Fe.<br \/><\/strong><strong>Rutas m\u00e1s seguras, permitir\u00e1n mejorar el transporte de nuestra producci\u00f3n.<\/strong><\/p><p><strong>\u00a0<\/strong><\/p><h4><strong>AMBIENTE<\/strong><\/h4><p><strong>&gt;Emergencia h\u00eddrica<\/strong><\/p><p><strong>En sectores abarcados por la regi\u00f3n de la cuenca del r\u00edo Paran\u00e1.<\/strong><strong>\u00a0<\/strong><\/p><p><strong>&gt;Aplicaci\u00f3n de la ley vigente sobre manejo del fuego.<\/strong><\/p><p><strong>\u00a0<\/strong><\/p><p><strong>\u00a0<\/strong><\/p><p><strong>\u00a0<\/strong><\/p>\t\t\t\t\t\t<\/div>\n\t\t\t\t<\/div>\n\t\t\t\t\t<\/div>\n\t\t<\/div>\n\t\t\t\t<div class=\"elementor-column elementor-col-50 elementor-inner-column elementor-element elementor-element-835f99b\" data-id=\"835f99b\" data-element_type=\"column\">\n\t\t\t<div class=\"elementor-widget-wrap elementor-element-populated\">\n\t\t\t\t\t\t\t\t<div class=\"elementor-element elementor-element-9860d0a elementor-widget elementor-widget-text-editor\" data-id=\"9860d0a\" data-element_type=\"widget\" data-widget_type=\"text-editor.default\">\n\t\t\t\t<div class=\"elementor-widget-container\">\n\t\t\t\t\t\t\t<h4><strong>PRODUCCI\u00d3N<\/strong><\/h4><p><strong>&gt;Emergencia Agropecuaria<\/strong><\/p><p><strong>En zonas afectadas de la provincia<\/strong><strong style=\"color: var( --e-global-color-text ); font-family: var( --e-global-typography-text-font-family ), Sans-serif;\">\u00a0 \u00a0\u00a0<\/strong><\/p><p><strong>&gt;Mercado voluntario de libre competencia de biocombustible<\/strong><\/p><p><strong>Debido a los problemas de abastecimiento de combustible<\/strong><\/p><p><strong>&gt;Trigo y ma\u00edz<\/strong><\/p><p><strong>Beneficios fiscales y otros incentivos para productores afectados por la sequ\u00eda<\/strong><strong style=\"color: var( --e-global-color-text ); font-family: var( --e-global-typography-text-font-family ), Sans-serif;\">\u00a0<br \/><\/strong><strong>\u00a0<\/strong><\/p><h4><strong>VENTA DE NI\u00d1OS, NI\u00d1AS Y ADOLESCENTES:<\/strong><\/h4><p><strong>&gt;Incorporar al c\u00f3digo penal, este delito<\/strong><\/p><p><strong>Un compromiso internacional, un vac\u00edo legal, una deuda pendiente por la cual argentina estaba sancionada desde el 2012 por la Corte interamericana de DDHH<\/strong><strong style=\"color: var( --e-global-color-text ); font-family: var( --e-global-typography-text-font-family ), Sans-serif;\">\u00a0<br \/><\/strong><strong>\u00a0<\/strong><\/p><h4><strong>INFANCIAS PROTEGIDAS<\/strong><\/h4><p><strong>&gt;Incorporar una nueva figura al C\u00f3digo penal que prevea penas severa para los adultos que corrompan a ni\u00f1os y adolescentes con fines delictivos<br \/><\/strong><strong>\u00a0<\/strong><\/p><h4><strong>FICHA LIMPIA<\/strong><\/h4><p><strong>&gt;Impedir que personas condenadas en primera instancia por delitos de car\u00e1cter doloso, accedan a la funci\u00f3n p\u00fablica.<\/strong><\/p>\t\t\t\t\t\t<\/div>\n\t\t\t\t<\/div>\n\t\t\t\t\t<\/div>\n\t\t<\/div>\n\t\t\t\t\t\t\t<\/div>\n\t\t<\/section>\n\t\t\t\t\t<\/div>\n\t\t<\/div>\n\t\t\t\t\t\t\t<\/div>\n\t\t<\/section>\n\t\t\t\t<section class=\"elementor-section elementor-top-section elementor-element elementor-element-902e5db elementor-section-boxed elementor-section-height-default elementor-section-height-default\" data-id=\"902e5db\" data-element_type=\"section\">\n\t\t\t\t\t\t<div class=\"elementor-container elementor-column-gap-default\">\n\t\t\t\t\t<div class=\"elementor-column elementor-col-25 elementor-top-column elementor-element elementor-element-19b32ab\" data-id=\"19b32ab\" data-element_type=\"column\">\n\t\t\t<div class=\"elementor-widget-wrap\">\n\t\t\t\t\t\t\t\t\t<\/div>\n\t\t<\/div>\n\t\t\t\t<div class=\"elementor-column elementor-col-25 elementor-top-column elementor-element elementor-element-4d62f24\" data-id=\"4d62f24\" data-element_type=\"column\">\n\t\t\t<div class=\"elementor-widget-wrap\">\n\t\t\t\t\t\t\t\t\t<\/div>\n\t\t<\/div>\n\t\t\t\t<div class=\"elementor-column elementor-col-25 elementor-top-column elementor-element elementor-element-1485de4\" data-id=\"1485de4\" data-element_type=\"column\">\n\t\t\t<div class=\"elementor-widget-wrap\">\n\t\t\t\t\t\t\t\t\t<\/div>\n\t\t<\/div>\n\t\t\t\t<div class=\"elementor-column elementor-col-25 elementor-top-column elementor-element elementor-element-b9e6689\" data-id=\"b9e6689\" data-element_type=\"column\">\n\t\t\t<div class=\"elementor-widget-wrap elementor-element-populated\">\n\t\t\t\t\t\t\t\t<div class=\"elementor-element elementor-element-c3d2082 elementor-align-right elementor-widget elementor-widget-button\" data-id=\"c3d2082\" data-element_type=\"widget\" data-widget_type=\"button.default\">\n\t\t\t\t<div class=\"elementor-widget-container\">\n\t\t\t\t\t<div class=\"elementor-button-wrapper\">\n\t\t\t<a href=\"https:\/\/www.senado.gob.ar\/senadores\/senador\/536?ProyectosSenador=3\" target=\"_blank\" class=\"elementor-button-link elementor-button elementor-size-sm\" role=\"button\">\n\t\t\t\t\t\t<span class=\"elementor-button-content-wrapper\">\n\t\t\t\t\t\t<span class=\"elementor-button-text\">VER PROYECTOS<\/span>\n\t\t<\/span>\n\t\t\t\t\t<\/a>\n\t\t<\/div>\n\t\t\t\t<\/div>\n\t\t\t\t<\/div>\n\t\t\t\t\t<\/div>\n\t\t<\/div>\n\t\t\t\t\t\t\t<\/div>\n\t\t<\/section>\n\t\t\t\t\t\t\t<\/div>\n\t\t","protected":false},"excerpt":{"rendered":"<p>SEGURIDAD &gt;Emergencia en seguridad en Santa Fe Para combatir el delito complejo y el crimen organizado, coordinar el trabajo entre todos los estamentos del estado,&hellip;<\/p>\n","protected":false},"author":1,"featured_media":499,"parent":0,"menu_order":0,"comment_status":"closed","ping_status":"closed","template":"","meta":{"_joinchat":[],"footnotes":""},"class_list":["post-961","page","type-page","status-publish","has-post-thumbnail","hentry"],"_links":{"self":[{"href":"https:\/\/carolosada.ar\/carolo\/wp-json\/wp\/v2\/pages\/961","targetHints":{"allow":["GET"]}}],"collection":[{"href":"https:\/\/carolosada.ar\/carolo\/wp-json\/wp\/v2\/pages"}],"about":[{"href":"https:\/\/carolosada.ar\/carolo\/wp-json\/wp\/v2\/types\/page"}],"author":[{"embeddable":true,"href":"https:\/\/carolosada.ar\/carolo\/wp-json\/wp\/v2\/users\/1"}],"replies":[{"embeddable":true,"href":"https:\/\/carolosada.ar\/carolo\/wp-json\/wp\/v2\/comments?post=961"}],"version-history":[{"count":31,"href":"https:\/\/carolosada.ar\/carolo\/wp-json\/wp\/v2\/pages\/961\/revisions"}],"predecessor-version":[{"id":995,"href":"https:\/\/carolosada.ar\/carolo\/wp-json\/wp\/v2\/pages\/961\/revisions\/995"}],"wp:featuredmedia":[{"embeddable":true,"href":"https:\/\/carolosada.ar\/carolo\/wp-json\/wp\/v2\/media\/499"}],"wp:attachment":[{"href":"https:\/\/carolosada.ar\/carolo\/wp-json\/wp\/v2\/media?parent=961"}],"curies":[{"name":"wp","href":"https:\/\/api.w.org\/{rel}","templated":true}]}}