{"id":572,"date":"2022-12-10T13:08:21","date_gmt":"2022-12-10T13:08:21","guid":{"rendered":"https:\/\/carolosada.ar\/carolo\/?page_id=572"},"modified":"2022-12-29T14:55:38","modified_gmt":"2022-12-29T14:55:38","slug":"bio","status":"publish","type":"page","link":"https:\/\/carolosada.ar\/carolo\/bio\/","title":{"rendered":"Bio"},"content":{"rendered":"\t\t<div data-elementor-type=\"wp-page\" data-elementor-id=\"572\" class=\"elementor elementor-572\">\n\t\t\t\t\t\t\t\t\t<section class=\"elementor-section elementor-top-section elementor-element elementor-element-99b70dd elementor-section-boxed elementor-section-height-default elementor-section-height-default\" data-id=\"99b70dd\" data-element_type=\"section\">\n\t\t\t\t\t\t<div class=\"elementor-container elementor-column-gap-default\">\n\t\t\t\t\t<div class=\"elementor-column elementor-col-100 elementor-top-column elementor-element elementor-element-94b57fc\" data-id=\"94b57fc\" data-element_type=\"column\">\n\t\t\t<div class=\"elementor-widget-wrap elementor-element-populated\">\n\t\t\t\t\t\t\t\t<section class=\"elementor-section elementor-inner-section elementor-element elementor-element-a405f25 elementor-section-boxed elementor-section-height-default elementor-section-height-default\" data-id=\"a405f25\" data-element_type=\"section\">\n\t\t\t\t\t\t<div class=\"elementor-container elementor-column-gap-default\">\n\t\t\t\t\t<div class=\"elementor-column elementor-col-50 elementor-inner-column elementor-element elementor-element-07c3db7\" data-id=\"07c3db7\" data-element_type=\"column\">\n\t\t\t<div class=\"elementor-widget-wrap elementor-element-populated\">\n\t\t\t\t\t\t\t\t<div class=\"elementor-element elementor-element-5d4754b elementor-widget elementor-widget-text-editor\" data-id=\"5d4754b\" data-element_type=\"widget\" data-widget_type=\"text-editor.default\">\n\t\t\t\t<div class=\"elementor-widget-container\">\n\t\t\t<style>\/*! elementor - v3.9.2 - 21-12-2022 *\/\n.elementor-widget-text-editor.elementor-drop-cap-view-stacked .elementor-drop-cap{background-color:#818a91;color:#fff}.elementor-widget-text-editor.elementor-drop-cap-view-framed .elementor-drop-cap{color:#818a91;border:3px solid;background-color:transparent}.elementor-widget-text-editor:not(.elementor-drop-cap-view-default) .elementor-drop-cap{margin-top:8px}.elementor-widget-text-editor:not(.elementor-drop-cap-view-default) .elementor-drop-cap-letter{width:1em;height:1em}.elementor-widget-text-editor .elementor-drop-cap{float:left;text-align:center;line-height:1;font-size:50px}.elementor-widget-text-editor .elementor-drop-cap-letter{display:inline-block}<\/style>\t\t\t\t<p>Carolina Losada naci\u00f3 el 16 de diciembre de 1972 en la ciudad de Rosario, provincia de Santa Fe. Realiz\u00f3 sus estudios primarios y secundarios en el Colegio Alem\u00e1n Johann Goethe.<\/p><p>Estudi\u00f3 Econom\u00eda y Administraci\u00f3n de Empresas en la Universidad Nacional de Rosario durante 2 a\u00f1os, mientras comenzaba su carrera en el mundo del modelaje internacional.<\/p><p>Vivi\u00f3 en M\u00e9xico durante dos a\u00f1os para trabajar desde all\u00ed en Centroam\u00e9rica y EEUU.<\/p><p>Luego se traslad\u00f3 a Mendoza, all\u00ed realiz\u00f3 su primer aparici\u00f3n en televisi\u00f3n, formando parte del programa \u201cEstrictamente social\u201d emitido por Canal 7, al mismo tiempo que estudiaba la carrera de Administraci\u00f3n Hotelera.<\/p><p>Desde 2004 condujo diversos programas televisivos y radiales de nuestro pa\u00eds.<\/p><p>El a\u00f1o pasado, condujo el ciclo \u201cHablemos ahora\u201d por Radio Rivadavia, mientras formaba parte de \u201cIntratables\u201d.\u00a0 Al mismo tiempo, Carolina se sum\u00f3 al programa \u201cBasta Baby\u201d conducido por Baby Etchecopar en A24. llegando este a ser el programa m\u00e1s visto del canal, de la franja horaria en cable y compitiendo desde muy cerca en rating a los dos primeros canales de aire.<\/p><p>Por su trabajo en los medios siempre estuvo involucrada no solo laboralmente sino desde lo personal en casos sociales y pol\u00edticos.<\/p><p>Es as\u00ed, que decidi\u00f3 formar parte de la alianza Juntos por el Cambio. Se postul\u00f3 como candidata a Senadora Nacional por la provincia de Santa Fe, ganando las elecciones con m\u00e1s del 40% de los votos.<\/p><p>Asumi\u00f3 su banca el 10 de diciembre del a\u00f1o 2021.<\/p><p>El pasado febrero fue electa vicepresidente del Honorable Senado de la Naci\u00f3n Argentina.<\/p>\t\t\t\t\t\t<\/div>\n\t\t\t\t<\/div>\n\t\t\t\t\t<\/div>\n\t\t<\/div>\n\t\t\t\t<div class=\"elementor-column elementor-col-50 elementor-inner-column elementor-element elementor-element-816cba2\" data-id=\"816cba2\" data-element_type=\"column\">\n\t\t\t<div class=\"elementor-widget-wrap elementor-element-populated\">\n\t\t\t\t\t\t\t\t<div class=\"elementor-element elementor-element-84cf053 elementor-widget elementor-widget-image\" data-id=\"84cf053\" data-element_type=\"widget\" data-widget_type=\"image.default\">\n\t\t\t\t<div class=\"elementor-widget-container\">\n\t\t\t<style>\/*! elementor - v3.9.2 - 21-12-2022 *\/\n.elementor-widget-image{text-align:center}.elementor-widget-image a{display:inline-block}.elementor-widget-image a img[src$=\".svg\"]{width:48px}.elementor-widget-image img{vertical-align:middle;display:inline-block}<\/style>\t\t\t\t\t\t\t\t\t\t\t\t<img loading=\"lazy\" decoding=\"async\" width=\"475\" height=\"333\" src=\"https:\/\/carolosada.ar\/carolo\/wp-content\/uploads\/2022\/12\/perfil.png\" class=\"attachment-large size-large wp-image-577\" alt=\"\" srcset=\"https:\/\/carolosada.ar\/carolo\/wp-content\/uploads\/2022\/12\/perfil.png 475w, https:\/\/carolosada.ar\/carolo\/wp-content\/uploads\/2022\/12\/perfil-300x210.png 300w\" sizes=\"auto, (max-width: 475px) 100vw, 475px\" \/>\t\t\t\t\t\t\t\t\t\t\t\t\t\t\t<\/div>\n\t\t\t\t<\/div>\n\t\t\t\t\t<\/div>\n\t\t<\/div>\n\t\t\t\t\t\t\t<\/div>\n\t\t<\/section>\n\t\t\t\t\t<\/div>\n\t\t<\/div>\n\t\t\t\t\t\t\t<\/div>\n\t\t<\/section>\n\t\t\t\t\t\t\t<\/div>\n\t\t","protected":false},"excerpt":{"rendered":"<p>Carolina Losada naci\u00f3 el 16 de diciembre de 1972 en la ciudad de Rosario, provincia de Santa Fe. Realiz\u00f3 sus estudios primarios y secundarios en&hellip;<\/p>\n","protected":false},"author":1,"featured_media":642,"parent":0,"menu_order":0,"comment_status":"closed","ping_status":"closed","template":"","meta":{"_joinchat":[],"footnotes":""},"class_list":["post-572","page","type-page","status-publish","has-post-thumbnail","hentry"],"_links":{"self":[{"href":"https:\/\/carolosada.ar\/carolo\/wp-json\/wp\/v2\/pages\/572","targetHints":{"allow":["GET"]}}],"collection":[{"href":"https:\/\/carolosada.ar\/carolo\/wp-json\/wp\/v2\/pages"}],"about":[{"href":"https:\/\/carolosada.ar\/carolo\/wp-json\/wp\/v2\/types\/page"}],"author":[{"embeddable":true,"href":"https:\/\/carolosada.ar\/carolo\/wp-json\/wp\/v2\/users\/1"}],"replies":[{"embeddable":true,"href":"https:\/\/carolosada.ar\/carolo\/wp-json\/wp\/v2\/comments?post=572"}],"version-history":[{"count":26,"href":"https:\/\/carolosada.ar\/carolo\/wp-json\/wp\/v2\/pages\/572\/revisions"}],"predecessor-version":[{"id":960,"href":"https:\/\/carolosada.ar\/carolo\/wp-json\/wp\/v2\/pages\/572\/revisions\/960"}],"wp:featuredmedia":[{"embeddable":true,"href":"https:\/\/carolosada.ar\/carolo\/wp-json\/wp\/v2\/media\/642"}],"wp:attachment":[{"href":"https:\/\/carolosada.ar\/carolo\/wp-json\/wp\/v2\/media?parent=572"}],"curies":[{"name":"wp","href":"https:\/\/api.w.org\/{rel}","templated":true}]}}